{"id":196,"date":"2019-04-30T19:30:56","date_gmt":"2019-04-30T19:30:56","guid":{"rendered":"https:\/\/web2.www.nicholls.edu\/newcheniere\/?page_id=14"},"modified":"2024-09-27T16:33:07","modified_gmt":"2024-09-27T16:33:07","slug":"home","status":"publish","type":"page","link":"https:\/\/www.nicholls.edu\/cheniere\/","title":{"rendered":"HOME"},"content":{"rendered":"\t\t<div data-elementor-type=\"wp-post\" data-elementor-id=\"196\" class=\"elementor elementor-196\" data-elementor-post-type=\"page\">\n\t\t\t\t\t\t<section class=\"elementor-section elementor-top-section elementor-element elementor-element-7fb842e elementor-section-full_width elementor-section-height-min-height elementor-section-height-default elementor-section-items-middle\" data-id=\"7fb842e\" data-element_type=\"section\" data-e-type=\"section\" data-settings=\"{&quot;background_background&quot;:&quot;classic&quot;}\">\n\t\t\t\t\t\t<div class=\"elementor-container elementor-column-gap-default\">\n\t\t\t\t\t<div class=\"elementor-column elementor-col-100 elementor-top-column elementor-element elementor-element-7f32285\" data-id=\"7f32285\" data-element_type=\"column\" data-e-type=\"column\">\n\t\t\t<div class=\"elementor-widget-wrap\">\n\t\t\t\t\t\t\t<\/div>\n\t\t<\/div>\n\t\t\t\t\t<\/div>\n\t\t<\/section>\n\t\t\t\t<section class=\"elementor-section elementor-top-section elementor-element elementor-element-e200972 elementor-section-boxed elementor-section-height-default elementor-section-height-default\" data-id=\"e200972\" data-element_type=\"section\" data-e-type=\"section\">\n\t\t\t\t\t\t<div class=\"elementor-container elementor-column-gap-default\">\n\t\t\t\t\t<div class=\"elementor-column elementor-col-50 elementor-top-column elementor-element elementor-element-4b8615a\" data-id=\"4b8615a\" data-element_type=\"column\" data-e-type=\"column\">\n\t\t\t<div class=\"elementor-widget-wrap elementor-element-populated\">\n\t\t\t\t\t\t<div class=\"elementor-element elementor-element-1168bd7 elementor-widget elementor-widget-heading\" data-id=\"1168bd7\" data-element_type=\"widget\" data-e-type=\"widget\" data-widget_type=\"heading.default\">\n\t\t\t\t<div class=\"elementor-widget-container\">\n\t\t\t\t\t<h1 class=\"elementor-heading-title elementor-size-xxl\">Welcome<\/h1>\t\t\t\t<\/div>\n\t\t\t\t<\/div>\n\t\t\t\t<div class=\"elementor-element elementor-element-b7b7792 elementor-widget elementor-widget-text-editor\" data-id=\"b7b7792\" data-element_type=\"widget\" data-e-type=\"widget\" data-widget_type=\"text-editor.default\">\n\t\t\t\t<div class=\"elementor-widget-container\">\n\t\t\t\t\t\t\t\t\t<p><a href=\"https:\/\/www.mla.org\/Publications\/MLA-International-Bibliography\/About-the-MLA-International-Bibliography\/MLA-Directory-of-Periodicals\">An MLA-indexed journal<\/a><\/p>\t\t\t\t\t\t\t\t<\/div>\n\t\t\t\t<\/div>\n\t\t\t\t\t<\/div>\n\t\t<\/div>\n\t\t\t\t<div class=\"elementor-column elementor-col-50 elementor-top-column elementor-element elementor-element-53a90ea\" data-id=\"53a90ea\" data-element_type=\"column\" data-e-type=\"column\">\n\t\t\t<div class=\"elementor-widget-wrap elementor-element-populated\">\n\t\t\t\t\t\t<div class=\"elementor-element elementor-element-6b8d4fd elementor-align-center elementor-widget elementor-widget-button\" data-id=\"6b8d4fd\" data-element_type=\"widget\" data-e-type=\"widget\" data-widget_type=\"button.default\">\n\t\t\t\t<div class=\"elementor-widget-container\">\n\t\t\t\t\t\t\t\t\t<div class=\"elementor-button-wrapper\">\n\t\t\t\t\t<a class=\"elementor-button elementor-button-link elementor-size-sm\" href=\"https:\/\/www.nicholls.edu\/cheniere\/volume-8\/\" target=\"_blank\">\n\t\t\t\t\t\t<span class=\"elementor-button-content-wrapper\">\n\t\t\t\t\t\t\t\t\t<span class=\"elementor-button-text\">NEW ISSUE PUBLISHED: Read Volume 8.<\/span>\n\t\t\t\t\t<\/span>\n\t\t\t\t\t<\/a>\n\t\t\t\t<\/div>\n\t\t\t\t\t\t\t\t<\/div>\n\t\t\t\t<\/div>\n\t\t\t\t\t<\/div>\n\t\t<\/div>\n\t\t\t\t\t<\/div>\n\t\t<\/section>\n\t\t\t\t<section class=\"elementor-section elementor-top-section elementor-element elementor-element-179856a elementor-section-boxed elementor-section-height-default elementor-section-height-default\" data-id=\"179856a\" data-element_type=\"section\" data-e-type=\"section\">\n\t\t\t\t\t\t<div class=\"elementor-container elementor-column-gap-default\">\n\t\t\t\t\t<div class=\"elementor-column elementor-col-100 elementor-top-column elementor-element elementor-element-207a6fa\" data-id=\"207a6fa\" data-element_type=\"column\" data-e-type=\"column\">\n\t\t\t<div class=\"elementor-widget-wrap elementor-element-populated\">\n\t\t\t\t\t\t<div class=\"elementor-element elementor-element-4aa724f elementor-widget-divider--view-line elementor-widget elementor-widget-divider\" data-id=\"4aa724f\" data-element_type=\"widget\" data-e-type=\"widget\" data-widget_type=\"divider.default\">\n\t\t\t\t<div class=\"elementor-widget-container\">\n\t\t\t\t\t\t\t<div class=\"elementor-divider\">\n\t\t\t<span class=\"elementor-divider-separator\">\n\t\t\t\t\t\t<\/span>\n\t\t<\/div>\n\t\t\t\t\t\t<\/div>\n\t\t\t\t<\/div>\n\t\t\t\t\t<\/div>\n\t\t<\/div>\n\t\t\t\t\t<\/div>\n\t\t<\/section>\n\t\t\t\t<section class=\"elementor-section elementor-top-section elementor-element elementor-element-88aa0ae elementor-section-boxed elementor-section-height-default elementor-section-height-default\" data-id=\"88aa0ae\" data-element_type=\"section\" data-e-type=\"section\">\n\t\t\t\t\t\t<div class=\"elementor-container elementor-column-gap-wider\">\n\t\t\t\t\t<div class=\"elementor-column elementor-col-50 elementor-top-column elementor-element elementor-element-fe8c3ce\" data-id=\"fe8c3ce\" data-element_type=\"column\" data-e-type=\"column\">\n\t\t\t<div class=\"elementor-widget-wrap elementor-element-populated\">\n\t\t\t\t\t\t<div class=\"elementor-element elementor-element-4564499 elementor-widget elementor-widget-text-editor\" data-id=\"4564499\" data-element_type=\"widget\" data-e-type=\"widget\" data-widget_type=\"text-editor.default\">\n\t\t\t\t<div class=\"elementor-widget-container\">\n\t\t\t\t\t\t\t\t\t<p>Ch\u00eani\u00e8re began as an idea in the summer of 2014, with Nicholls Language and Literature faculty Scott Banville wanting an online journal in the Humanities at the university. Shana Walton became the first faculty advisor of the journal thereafter. Afterwards, Professors Patrick Perkins and Michael Martin took over as faculty advisors for the journal. Creative Writing student Anna Babin served as the journal\u2019s first student editor. The journal is based out of Nicholls State University, located in the Bayou Region of Thibodaux, Louisiana. The name is derived from a local, coastal environmental feature. The journal is in its third issue and continues to evolve. The goal of Ch\u00eani\u00e8re is to become the top undergraduate Humanities journal in the Gulf Coast Region.<\/p>\t\t\t\t\t\t\t\t<\/div>\n\t\t\t\t<\/div>\n\t\t\t\t\t<\/div>\n\t\t<\/div>\n\t\t\t\t<div class=\"elementor-column elementor-col-50 elementor-top-column elementor-element elementor-element-07ecddc\" data-id=\"07ecddc\" data-element_type=\"column\" data-e-type=\"column\">\n\t\t\t<div class=\"elementor-widget-wrap elementor-element-populated\">\n\t\t\t\t\t\t<div class=\"elementor-element elementor-element-601296e elementor-widget elementor-widget-text-editor\" data-id=\"601296e\" data-element_type=\"widget\" data-e-type=\"widget\" data-widget_type=\"text-editor.default\">\n\t\t\t\t<div class=\"elementor-widget-container\">\n\t\t\t\t\t\t\t\t\tThe name Ch\u00eani\u00e8re was chosen not only for its local connections but also for the way it works as a metaphor for knowledge. Like Ch\u00eani\u00e8res, knowledge is temporary, built up over time in a gradual way, provides firm ground for putting down roots, for settling down and creating more knowledge and culture and then is either slowly replaced by a new Ch\u00eani\u00e8re via the process of silt and erosion or suddenly through a hurricane-like event.\u00a0\t\t\t\t\t\t\t\t<\/div>\n\t\t\t\t<\/div>\n\t\t\t\t\t<\/div>\n\t\t<\/div>\n\t\t\t\t\t<\/div>\n\t\t<\/section>\n\t\t\t\t<section class=\"elementor-section elementor-top-section elementor-element elementor-element-6c483cf elementor-section-boxed elementor-section-height-default elementor-section-height-default\" data-id=\"6c483cf\" data-element_type=\"section\" data-e-type=\"section\">\n\t\t\t\t\t\t<div class=\"elementor-container elementor-column-gap-default\">\n\t\t\t\t\t<div class=\"elementor-column elementor-col-100 elementor-top-column elementor-element elementor-element-b345fb1\" data-id=\"b345fb1\" data-element_type=\"column\" data-e-type=\"column\">\n\t\t\t<div class=\"elementor-widget-wrap elementor-element-populated\">\n\t\t\t\t\t\t<div class=\"elementor-element elementor-element-ed1b1c6 elementor-widget-divider--view-line elementor-widget elementor-widget-divider\" data-id=\"ed1b1c6\" data-element_type=\"widget\" data-e-type=\"widget\" data-widget_type=\"divider.default\">\n\t\t\t\t<div class=\"elementor-widget-container\">\n\t\t\t\t\t\t\t<div class=\"elementor-divider\">\n\t\t\t<span class=\"elementor-divider-separator\">\n\t\t\t\t\t\t<\/span>\n\t\t<\/div>\n\t\t\t\t\t\t<\/div>\n\t\t\t\t<\/div>\n\t\t\t\t\t<\/div>\n\t\t<\/div>\n\t\t\t\t\t<\/div>\n\t\t<\/section>\n\t\t\t\t<section class=\"elementor-section elementor-top-section elementor-element elementor-element-5258153 elementor-section-boxed elementor-section-height-default elementor-section-height-default\" data-id=\"5258153\" data-element_type=\"section\" data-e-type=\"section\">\n\t\t\t\t\t\t<div class=\"elementor-container elementor-column-gap-default\">\n\t\t\t\t\t<div class=\"elementor-column elementor-col-100 elementor-top-column elementor-element elementor-element-fd4f568\" data-id=\"fd4f568\" data-element_type=\"column\" data-e-type=\"column\">\n\t\t\t<div class=\"elementor-widget-wrap elementor-element-populated\">\n\t\t\t\t\t\t<div class=\"elementor-element elementor-element-06f1755 elementor-widget elementor-widget-spacer\" data-id=\"06f1755\" data-element_type=\"widget\" data-e-type=\"widget\" data-widget_type=\"spacer.default\">\n\t\t\t\t<div class=\"elementor-widget-container\">\n\t\t\t\t\t\t\t<div class=\"elementor-spacer\">\n\t\t\t<div class=\"elementor-spacer-inner\"><\/div>\n\t\t<\/div>\n\t\t\t\t\t\t<\/div>\n\t\t\t\t<\/div>\n\t\t\t\t\t<\/div>\n\t\t<\/div>\n\t\t\t\t\t<\/div>\n\t\t<\/section>\n\t\t\t\t<section class=\"elementor-section elementor-top-section elementor-element elementor-element-d951830 elementor-section-boxed elementor-section-height-default elementor-section-height-default\" data-id=\"d951830\" data-element_type=\"section\" data-e-type=\"section\" data-settings=\"{&quot;background_background&quot;:&quot;classic&quot;}\">\n\t\t\t\t\t\t<div class=\"elementor-container elementor-column-gap-default\">\n\t\t\t\t\t<div class=\"elementor-column elementor-col-33 elementor-top-column elementor-element elementor-element-c48d3c8\" data-id=\"c48d3c8\" data-element_type=\"column\" data-e-type=\"column\">\n\t\t\t<div class=\"elementor-widget-wrap elementor-element-populated\">\n\t\t\t\t\t\t<div class=\"elementor-element elementor-element-2d91bc7 elementor-widget elementor-widget-heading\" data-id=\"2d91bc7\" data-element_type=\"widget\" data-e-type=\"widget\" data-widget_type=\"heading.default\">\n\t\t\t\t<div class=\"elementor-widget-container\">\n\t\t\t\t\t<h3 class=\"elementor-heading-title elementor-size-default\">STUDENT EDITOR<\/h3>\t\t\t\t<\/div>\n\t\t\t\t<\/div>\n\t\t\t\t<div class=\"elementor-element elementor-element-5a0dcbf elementor-widget elementor-widget-text-editor\" data-id=\"5a0dcbf\" data-element_type=\"widget\" data-e-type=\"widget\" data-widget_type=\"text-editor.default\">\n\t\t\t\t<div class=\"elementor-widget-container\">\n\t\t\t\t\t\t\t\t\t<p>Patricia Jennings<\/p>\t\t\t\t\t\t\t\t<\/div>\n\t\t\t\t<\/div>\n\t\t\t\t\t<\/div>\n\t\t<\/div>\n\t\t\t\t<div class=\"elementor-column elementor-col-33 elementor-top-column elementor-element elementor-element-c13d9ad\" data-id=\"c13d9ad\" data-element_type=\"column\" data-e-type=\"column\">\n\t\t\t<div class=\"elementor-widget-wrap elementor-element-populated\">\n\t\t\t\t\t\t<div class=\"elementor-element elementor-element-6bd56df elementor-widget elementor-widget-heading\" data-id=\"6bd56df\" data-element_type=\"widget\" data-e-type=\"widget\" data-widget_type=\"heading.default\">\n\t\t\t\t<div class=\"elementor-widget-container\">\n\t\t\t\t\t<h3 class=\"elementor-heading-title elementor-size-default\">FACULTY EDITORS<\/h3>\t\t\t\t<\/div>\n\t\t\t\t<\/div>\n\t\t\t\t<div class=\"elementor-element elementor-element-37f9442 elementor-widget elementor-widget-text-editor\" data-id=\"37f9442\" data-element_type=\"widget\" data-e-type=\"widget\" data-widget_type=\"text-editor.default\">\n\t\t\t\t<div class=\"elementor-widget-container\">\n\t\t\t\t\t\t\t\t\t<p>Scott Banville<br \/>Madeline Cagle<br \/>Tiffany Duet<br \/>Alex Fabrizio<br \/>Abigail Scherer<br \/>Stuart Tully<br \/>Paul Wilson<\/p><p>\u00a0<\/p>\t\t\t\t\t\t\t\t<\/div>\n\t\t\t\t<\/div>\n\t\t\t\t\t<\/div>\n\t\t<\/div>\n\t\t\t\t<div class=\"elementor-column elementor-col-33 elementor-top-column elementor-element elementor-element-cc21133\" data-id=\"cc21133\" data-element_type=\"column\" data-e-type=\"column\">\n\t\t\t<div class=\"elementor-widget-wrap elementor-element-populated\">\n\t\t\t\t\t\t<div class=\"elementor-element elementor-element-48c691f elementor-widget elementor-widget-heading\" data-id=\"48c691f\" data-element_type=\"widget\" data-e-type=\"widget\" data-widget_type=\"heading.default\">\n\t\t\t\t<div class=\"elementor-widget-container\">\n\t\t\t\t\t<h3 class=\"elementor-heading-title elementor-size-default\">FACULTY ADVISORS<\/h3>\t\t\t\t<\/div>\n\t\t\t\t<\/div>\n\t\t\t\t<div class=\"elementor-element elementor-element-07b14e0 elementor-widget elementor-widget-text-editor\" data-id=\"07b14e0\" data-element_type=\"widget\" data-e-type=\"widget\" data-widget_type=\"text-editor.default\">\n\t\t\t\t<div class=\"elementor-widget-container\">\n\t\t\t\t\t\t\t\t\t<p>Dr. Michael S. Martin<\/p><p>Dr. J. Patrick Perkins<\/p>\t\t\t\t\t\t\t\t<\/div>\n\t\t\t\t<\/div>\n\t\t\t\t\t<\/div>\n\t\t<\/div>\n\t\t\t\t\t<\/div>\n\t\t<\/section>\n\t\t\t\t<\/div>\n\t\t","protected":false},"excerpt":{"rendered":"<p>Welcome An MLA-indexed journal NEW ISSUE PUBLISHED: Read Volume 8. Ch\u00eani\u00e8re began as an idea in the summer of 2014, with Nicholls Language and Literature faculty Scott Banville wanting an online journal in the Humanities at the university. Shana Walton became the first faculty advisor of the journal thereafter. Afterwards, Professors Patrick Perkins and Michael [&hellip;]<\/p>\n","protected":false},"author":6,"featured_media":0,"parent":0,"menu_order":0,"comment_status":"closed","ping_status":"closed","template":"","meta":{"site-sidebar-layout":"no-sidebar","site-content-layout":"page-builder","ast-site-content-layout":"default","site-content-style":"default","site-sidebar-style":"default","ast-global-header-display":"","ast-banner-title-visibility":"","ast-main-header-display":"","ast-hfb-above-header-display":"","ast-hfb-below-header-display":"","ast-hfb-mobile-header-display":"","site-post-title":"disabled","ast-breadcrumbs-content":"","ast-featured-img":"disabled","footer-sml-layout":"","ast-disable-related-posts":"","theme-transparent-header-meta":"enabled","adv-header-id-meta":"","stick-header-meta":"","header-above-stick-meta":"","header-main-stick-meta":"","header-below-stick-meta":"","astra-migrate-meta-layouts":"default","ast-page-background-enabled":"default","ast-page-background-meta":{"desktop":{"background-color":"","background-image":"","background-repeat":"repeat","background-position":"center center","background-size":"auto","background-attachment":"scroll","background-type":"","background-media":"","overlay-type":"","overlay-color":"","overlay-opacity":"","overlay-gradient":""},"tablet":{"background-color":"","background-image":"","background-repeat":"repeat","background-position":"center center","background-size":"auto","background-attachment":"scroll","background-type":"","background-media":"","overlay-type":"","overlay-color":"","overlay-opacity":"","overlay-gradient":""},"mobile":{"background-color":"","background-image":"","background-repeat":"repeat","background-position":"center center","background-size":"auto","background-attachment":"scroll","background-type":"","background-media":"","overlay-type":"","overlay-color":"","overlay-opacity":"","overlay-gradient":""}},"ast-content-background-meta":{"desktop":{"background-color":"var(--ast-global-color-5)","background-image":"","background-repeat":"repeat","background-position":"center center","background-size":"auto","background-attachment":"scroll","background-type":"","background-media":"","overlay-type":"","overlay-color":"","overlay-opacity":"","overlay-gradient":""},"tablet":{"background-color":"var(--ast-global-color-5)","background-image":"","background-repeat":"repeat","background-position":"center center","background-size":"auto","background-attachment":"scroll","background-type":"","background-media":"","overlay-type":"","overlay-color":"","overlay-opacity":"","overlay-gradient":""},"mobile":{"background-color":"var(--ast-global-color-5)","background-image":"","background-repeat":"repeat","background-position":"center center","background-size":"auto","background-attachment":"scroll","background-type":"","background-media":"","overlay-type":"","overlay-color":"","overlay-opacity":"","overlay-gradient":""}},"footnotes":""},"class_list":["post-196","page","type-page","status-publish","hentry"],"yoast_head":"<!-- This site is optimized with the Yoast SEO plugin v27.2 - https:\/\/yoast.com\/product\/yoast-seo-wordpress\/ -->\n<title>HOME - Ch\u00eani\u00e8re: The Nicholls Undergraduate Humanities Review<\/title>\n<meta name=\"robots\" content=\"index, follow, max-snippet:-1, max-image-preview:large, max-video-preview:-1\" \/>\n<link rel=\"canonical\" href=\"https:\/\/www.nicholls.edu\/cheniere\/\" \/>\n<meta property=\"og:locale\" content=\"en_US\" \/>\n<meta property=\"og:type\" content=\"article\" \/>\n<meta property=\"og:title\" content=\"HOME - Ch\u00eani\u00e8re: The Nicholls Undergraduate Humanities Review\" \/>\n<meta property=\"og:description\" content=\"Welcome An MLA-indexed journal NEW ISSUE PUBLISHED: Read Volume 8. Ch\u00eani\u00e8re began as an idea in the summer of 2014, with Nicholls Language and Literature faculty Scott Banville wanting an online journal in the Humanities at the university. Shana Walton became the first faculty advisor of the journal thereafter. Afterwards, Professors Patrick Perkins and Michael [&hellip;]\" \/>\n<meta property=\"og:url\" content=\"https:\/\/www.nicholls.edu\/cheniere\/\" \/>\n<meta property=\"og:site_name\" content=\"Ch\u00eani\u00e8re: The Nicholls Undergraduate Humanities Review\" \/>\n<meta property=\"article:modified_time\" content=\"2024-09-27T16:33:07+00:00\" \/>\n<meta name=\"twitter:card\" content=\"summary_large_image\" \/>\n<meta name=\"twitter:label1\" content=\"Est. reading time\" \/>\n\t<meta name=\"twitter:data1\" content=\"2 minutes\" \/>\n<script type=\"application\/ld+json\" class=\"yoast-schema-graph\">{\"@context\":\"https:\/\/schema.org\",\"@graph\":[{\"@type\":\"WebPage\",\"@id\":\"https:\/\/www.nicholls.edu\/cheniere\/\",\"url\":\"https:\/\/www.nicholls.edu\/cheniere\/\",\"name\":\"HOME - Ch\u00eani\u00e8re: The Nicholls Undergraduate Humanities Review\",\"isPartOf\":{\"@id\":\"https:\/\/www.nicholls.edu\/cheniere\/#website\"},\"datePublished\":\"2019-04-30T19:30:56+00:00\",\"dateModified\":\"2024-09-27T16:33:07+00:00\",\"breadcrumb\":{\"@id\":\"https:\/\/www.nicholls.edu\/cheniere\/#breadcrumb\"},\"inLanguage\":\"en-US\",\"potentialAction\":[{\"@type\":\"ReadAction\",\"target\":[\"https:\/\/www.nicholls.edu\/cheniere\/\"]}]},{\"@type\":\"BreadcrumbList\",\"@id\":\"https:\/\/www.nicholls.edu\/cheniere\/#breadcrumb\",\"itemListElement\":[{\"@type\":\"ListItem\",\"position\":1,\"name\":\"Home\",\"item\":\"https:\/\/www.nicholls.edu\/cheniere\/\"},{\"@type\":\"ListItem\",\"position\":2,\"name\":\"HOME\"}]},{\"@type\":\"WebSite\",\"@id\":\"https:\/\/www.nicholls.edu\/cheniere\/#website\",\"url\":\"https:\/\/www.nicholls.edu\/cheniere\/\",\"name\":\"Ch\u00eani\u00e8re: The Nicholls Undergraduate Humanities Review\",\"description\":\"Just another Nicholls State University site\",\"publisher\":{\"@id\":\"https:\/\/www.nicholls.edu\/cheniere\/#organization\"},\"potentialAction\":[{\"@type\":\"SearchAction\",\"target\":{\"@type\":\"EntryPoint\",\"urlTemplate\":\"https:\/\/www.nicholls.edu\/cheniere\/?s={search_term_string}\"},\"query-input\":{\"@type\":\"PropertyValueSpecification\",\"valueRequired\":true,\"valueName\":\"search_term_string\"}}],\"inLanguage\":\"en-US\"},{\"@type\":\"Organization\",\"@id\":\"https:\/\/www.nicholls.edu\/cheniere\/#organization\",\"name\":\"Ch\u00eani\u00e8re: The Nicholls Undergraduate Humanities Review\",\"url\":\"https:\/\/www.nicholls.edu\/cheniere\/\",\"logo\":{\"@type\":\"ImageObject\",\"inLanguage\":\"en-US\",\"@id\":\"https:\/\/www.nicholls.edu\/cheniere\/#\/schema\/logo\/image\/\",\"url\":\"https:\/\/www.nicholls.edu\/cheniere\/wp-content\/uploads\/sites\/71\/2020\/04\/cheniere-logo2.webp\",\"contentUrl\":\"https:\/\/www.nicholls.edu\/cheniere\/wp-content\/uploads\/sites\/71\/2020\/04\/cheniere-logo2.webp\",\"width\":392,\"height\":142,\"caption\":\"Ch\u00eani\u00e8re: The Nicholls Undergraduate Humanities Review\"},\"image\":{\"@id\":\"https:\/\/www.nicholls.edu\/cheniere\/#\/schema\/logo\/image\/\"}}]}<\/script>\n<!-- \/ Yoast SEO plugin. -->","yoast_head_json":{"title":"HOME - Ch\u00eani\u00e8re: The Nicholls Undergraduate Humanities Review","robots":{"index":"index","follow":"follow","max-snippet":"max-snippet:-1","max-image-preview":"max-image-preview:large","max-video-preview":"max-video-preview:-1"},"canonical":"https:\/\/www.nicholls.edu\/cheniere\/","og_locale":"en_US","og_type":"article","og_title":"HOME - Ch\u00eani\u00e8re: The Nicholls Undergraduate Humanities Review","og_description":"Welcome An MLA-indexed journal NEW ISSUE PUBLISHED: Read Volume 8. Ch\u00eani\u00e8re began as an idea in the summer of 2014, with Nicholls Language and Literature faculty Scott Banville wanting an online journal in the Humanities at the university. Shana Walton became the first faculty advisor of the journal thereafter. Afterwards, Professors Patrick Perkins and Michael [&hellip;]","og_url":"https:\/\/www.nicholls.edu\/cheniere\/","og_site_name":"Ch\u00eani\u00e8re: The Nicholls Undergraduate Humanities Review","article_modified_time":"2024-09-27T16:33:07+00:00","twitter_card":"summary_large_image","twitter_misc":{"Est. reading time":"2 minutes"},"schema":{"@context":"https:\/\/schema.org","@graph":[{"@type":"WebPage","@id":"https:\/\/www.nicholls.edu\/cheniere\/","url":"https:\/\/www.nicholls.edu\/cheniere\/","name":"HOME - Ch\u00eani\u00e8re: The Nicholls Undergraduate Humanities Review","isPartOf":{"@id":"https:\/\/www.nicholls.edu\/cheniere\/#website"},"datePublished":"2019-04-30T19:30:56+00:00","dateModified":"2024-09-27T16:33:07+00:00","breadcrumb":{"@id":"https:\/\/www.nicholls.edu\/cheniere\/#breadcrumb"},"inLanguage":"en-US","potentialAction":[{"@type":"ReadAction","target":["https:\/\/www.nicholls.edu\/cheniere\/"]}]},{"@type":"BreadcrumbList","@id":"https:\/\/www.nicholls.edu\/cheniere\/#breadcrumb","itemListElement":[{"@type":"ListItem","position":1,"name":"Home","item":"https:\/\/www.nicholls.edu\/cheniere\/"},{"@type":"ListItem","position":2,"name":"HOME"}]},{"@type":"WebSite","@id":"https:\/\/www.nicholls.edu\/cheniere\/#website","url":"https:\/\/www.nicholls.edu\/cheniere\/","name":"Ch\u00eani\u00e8re: The Nicholls Undergraduate Humanities Review","description":"Just another Nicholls State University site","publisher":{"@id":"https:\/\/www.nicholls.edu\/cheniere\/#organization"},"potentialAction":[{"@type":"SearchAction","target":{"@type":"EntryPoint","urlTemplate":"https:\/\/www.nicholls.edu\/cheniere\/?s={search_term_string}"},"query-input":{"@type":"PropertyValueSpecification","valueRequired":true,"valueName":"search_term_string"}}],"inLanguage":"en-US"},{"@type":"Organization","@id":"https:\/\/www.nicholls.edu\/cheniere\/#organization","name":"Ch\u00eani\u00e8re: The Nicholls Undergraduate Humanities Review","url":"https:\/\/www.nicholls.edu\/cheniere\/","logo":{"@type":"ImageObject","inLanguage":"en-US","@id":"https:\/\/www.nicholls.edu\/cheniere\/#\/schema\/logo\/image\/","url":"https:\/\/www.nicholls.edu\/cheniere\/wp-content\/uploads\/sites\/71\/2020\/04\/cheniere-logo2.webp","contentUrl":"https:\/\/www.nicholls.edu\/cheniere\/wp-content\/uploads\/sites\/71\/2020\/04\/cheniere-logo2.webp","width":392,"height":142,"caption":"Ch\u00eani\u00e8re: The Nicholls Undergraduate Humanities Review"},"image":{"@id":"https:\/\/www.nicholls.edu\/cheniere\/#\/schema\/logo\/image\/"}}]}},"_links":{"self":[{"href":"https:\/\/www.nicholls.edu\/cheniere\/wp-json\/wp\/v2\/pages\/196","targetHints":{"allow":["GET"]}}],"collection":[{"href":"https:\/\/www.nicholls.edu\/cheniere\/wp-json\/wp\/v2\/pages"}],"about":[{"href":"https:\/\/www.nicholls.edu\/cheniere\/wp-json\/wp\/v2\/types\/page"}],"author":[{"embeddable":true,"href":"https:\/\/www.nicholls.edu\/cheniere\/wp-json\/wp\/v2\/users\/6"}],"replies":[{"embeddable":true,"href":"https:\/\/www.nicholls.edu\/cheniere\/wp-json\/wp\/v2\/comments?post=196"}],"version-history":[{"count":0,"href":"https:\/\/www.nicholls.edu\/cheniere\/wp-json\/wp\/v2\/pages\/196\/revisions"}],"wp:attachment":[{"href":"https:\/\/www.nicholls.edu\/cheniere\/wp-json\/wp\/v2\/media?parent=196"}],"curies":[{"name":"wp","href":"https:\/\/api.w.org\/{rel}","templated":true}]}}